{"id":285,"date":"2024-01-09T10:51:52","date_gmt":"2024-01-09T10:51:52","guid":{"rendered":"https:\/\/lipotego.de\/?page_id=285"},"modified":"2024-01-09T10:52:41","modified_gmt":"2024-01-09T10:52:41","slug":"terms-of-service","status":"publish","type":"page","link":"https:\/\/lipotego.de\/en\/terms-of-service\/","title":{"rendered":"Terms of Service"},"content":{"rendered":"<div data-elementor-type=\"wp-page\" data-elementor-id=\"285\" class=\"elementor elementor-285\">\n\t\t\t\t\t\t<section class=\"elementor-section elementor-top-section elementor-element elementor-element-0169f35 elementor-section-boxed elementor-section-height-default elementor-section-height-default\" data-id=\"0169f35\" data-element_type=\"section\">\n\t\t\t\t\t\t<div class=\"elementor-container elementor-column-gap-default\">\n\t\t\t\t\t<div class=\"elementor-column elementor-col-100 elementor-top-column elementor-element elementor-element-f055669\" data-id=\"f055669\" data-element_type=\"column\">\n\t\t\t<div class=\"elementor-widget-wrap elementor-element-populated\">\n\t\t\t\t\t\t<div class=\"elementor-element elementor-element-e8d1625 elementor-widget elementor-widget-heading\" data-id=\"e8d1625\" data-element_type=\"widget\" data-widget_type=\"heading.default\">\n\t\t\t\t<div class=\"elementor-widget-container\">\n\t\t\t\t\t<h1 class=\"elementor-heading-title elementor-size-default\">Terms of Service<\/h1>\t\t\t\t<\/div>\n\t\t\t\t<\/div>\n\t\t\t\t<div class=\"elementor-element elementor-element-2e9bee8 elementor-widget elementor-widget-text-editor\" data-id=\"2e9bee8\" data-element_type=\"widget\" data-widget_type=\"text-editor.default\">\n\t\t\t\t<div class=\"elementor-widget-container\">\n\t\t\t\t\t\t\t\t\t<h2><strong>Allgemeine Gesch\u00e4ftsbedingungen der lipotego App<\/strong><\/h2><p>Die folgenden Allgemeinen Gesch\u00e4ftsbedingungen (AGB) gelten f\u00fcr die Nutzung der App lipotego durch Nutzerinnen und Nutzer. Um die Lesbarkeit dieses Textes zu verbessern, wird im Folgenden einheitlich der Begriff \u201eNutzer\u201c verwendet. Lipotego wird durch die GetXdone GmbH (im Folgenden auch \u201eGXD\u201c, \u201ewir\u201c oder \u201euns\u201c) angeboten.<\/p><h3><strong>1. Beschreibung der Dienste<\/strong><\/h3><p>lipotego erm\u00f6glicht angemeldeten Nutzern, ihre Sprachaufnahmen in professionelle Texte, insbesondere f\u00fcr LinkedIn-Posts, umzuwandeln. Diese Transformation basiert auf fortschrittlicher k\u00fcnstlicher Intelligenz und ber\u00fccksichtigt dabei verschiedene Aspekte wie Kontext, Anfragen und Sprachstil. Die Nutzung von lipotego erfordert eine Internetverbindung, die vom Nutzer selbst bereitgestellt und eingerichtet werden muss. F\u00fcr die Internetverbindung k\u00f6nnen dem Nutzer Kosten entstehen, die ihm vom jeweiligen Anbieter berechnet werden.<\/p><p>Es werden verschiedene Modelle angeboten:<\/p><ul><li>Demo: 3 Textumwandlungen.<\/li><li>Starter (0,99\u20ac\/Monat): Bis zu 10 Textumwandlungen pro Monat.<\/li><li>Pro (2,99\u20ac\/Monat): Bis zu 40 Textumwandlungen pro Monat.<\/li><li>Unlimited (9,99\u20ac\/Monat): keine Begrenzung der Textumwandlungen.<\/li><\/ul><h3><strong>2. Anmeldung, Akzeptieren der Nutzungsbedingungen<\/strong><\/h3><p>Um die Dienste von lipotego nutzen zu k\u00f6nnen, muss der Nutzer die lipotego-App auf seinem Mobilger\u00e4t installieren und ein Benutzerkonto er\u00f6ffnen. Ein Benutzerkonto kann von jeder nat\u00fcrlichen Person er\u00f6ffnet werden, die mindestens 16 Jahre alt ist. Bei der Kontoer\u00f6ffnung wird die E-Mail-Adresse des Nutzers abgefragt. Der Nutzer ist verpflichtet, richtige und vollst\u00e4ndige Angaben zu machen. Der Nutzer muss ein sicheres Passwort erstellen. Die E-Mail-Adresse und das Passwort dienen als Zugangsdaten zur App. Der Nutzer ist selbst daf\u00fcr verantwortlich, diese Zugangsdaten sicher aufzubewahren. Es wird auch ein Login durch Google, Facebook und LinkedIn bereitgestellt. Mit der Erstellung eines Benutzerkontos und der Nutzung der App akzeptiert der Nutzer die vorliegenden AGB, einschlie\u00dflich der unter Ziffer 3 dargestellten App-Richtlinien und der Aufz\u00e4hlung der untersagten Handlungen nach Ziffer 7.<\/p><p>Durch die Nutzung der lipotego App wird kein spezifischer Erfolg garantiert. Jegliche Entscheidungen, die sich aus der Nutzung der App ergeben, liegen in der alleinigen Verantwortung des Nutzers. Der Nutzer akzeptiert, dass GXD nicht f\u00fcr ausbleibenden Erfolg oder f\u00fcr Sch\u00e4den, die sich aus den durch lipotego generierten Inhalten ergeben, haftbar gemacht werden kann.<\/p><h3><strong>3. App Richtlinien<\/strong><\/h3><p>lipotego unterst\u00fctzt Nutzer bei der Erstellung professioneller Textinhalte, insbesondere f\u00fcr LinkedIn-Posts. Daher gelten f\u00fcr die Nutzung von lipotego die folgenden Regeln:<\/p><ul><li>Verbotene Inhalte: Es ist untersagt, Texterstellungen zu initiieren, die pornografische, jugendgef\u00e4hrdende Inhalte enthalten oder zu Gewalt, Straftaten oder \u00e4hnlichen Handlungen aufrufen bzw. drohen.<\/li><li>Diskriminierung: Texterstellungen, die Personen aufgrund ihrer sozialen oder geografischen Herkunft, ihres Geschlechts, ihrer sexuellen Orientierung, ihrer Hautfarbe, Krankheit oder Behinderung diskriminieren, sind verboten.<\/li><li>Verletzung von Pers\u00f6nlichkeitsrechten: Texterstellungen, die die Rechte anderer verletzen, insbesondere Pers\u00f6nlichkeitsrechte (z.B. durch &#8222;trolling&#8220;, Mobbing) und das Recht auf Achtung der Privatsph\u00e4re, sind nicht gestattet.<\/li><li>Urheberrechtsverletzungen: Es ist nicht erlaubt, Texterstellungen zu initiieren, die Urheberrechte, Marken oder andere Arten von geistigem Eigentum einer anderen Person verletzen oder verletzen k\u00f6nnten.<\/li><li>Gesetzesverst\u00f6\u00dfe: Texterstellungen, die gegen geltende Gesetze versto\u00dfen oder zu Sachbesch\u00e4digungen, Straftaten oder Ordnungswidrigkeiten aufrufen, sind untersagt.<\/li><li>Gef\u00e4hrliches Verhalten: Texterstellungen, die zu einem gef\u00e4hrlichen Verhalten aufrufen, bei dessen Ausf\u00fchrung die Gefahr besteht, dass der Nutzer sich oder andere k\u00f6rperlich oder psychisch verletzt, sind nicht zul\u00e4ssig.<\/li><li>Aufruf zum Konsum von Substanzen: Texterstellungen, die zum Konsum von Alkohol und\/oder anderen \u2013 auch legalen \u2013 Drogen auffordern, sind verboten.<\/li><li>Sittenwidrige Texterstellungen: Texterstellungen zu sittenwidrigen Methoden oder Handlungen sind nicht gestattet.<\/li><li>Die Missachtung dieser Regeln kann zur Sperrung des Benutzerkontos oder weiteren rechtlichen Schritten f\u00fchren.<\/li><\/ul><h3><strong>4. \u00c4nderung der Nutzungsbedingungen und des Leistungsumfangs<\/strong><\/h3><ul><li>Anpassung von Diensten und Bedingungen: Wir behalten uns das Recht vor, Art und Umfang der erbrachten Dienste von lipotego jederzeit anzupassen, einzuschr\u00e4nken, zu erweitern oder zu \u00e4ndern, oder die Leistungen ganz einzustellen. Weiterhin behalten wir uns das Recht vor, die vorliegenden AGB und die App-Richtlinien mit Wirkung f\u00fcr die Zukunft zu \u00e4ndern.<\/li><li>Entwicklung von Premium-Funktionen: Obwohl lipotego in Teilen kostenlos angeboten wird, behalten wir uns vor, in Zukunft weitere Premium-Funktionen gegen Entgelt anzubieten. \u00dcber solche Angebote werden wir den Nutzer \u00fcber die App informieren. Ohne ausdr\u00fcckliche Einwilligung des Nutzers wird kein kostenpflichtiger Vertrag geschlossen.<\/li><li>Mitteilung \u00fcber \u00c4nderungen: \u00dcber bevorstehende \u00c4nderungen oder Erg\u00e4nzungen der AGB und\/oder der App-Richtlinien wird lipotego den Nutzer mindestens 7 Tage vor Wirksamwerden der \u00c4nderungen informieren. Dies kann \u00fcber verschiedenste Kan\u00e4le wie E-Mail, Push notification oder Ank\u00fcndigung auf der landing page geschehen. Wenn der Nutzer den \u00c4nderungen nicht binnen einer Frist von 7 Tagen widerspricht, gelten die \u00c4nderungen als akzeptiert. Im Falle eines Widerspruchs durch den Nutzer gelten die AGB in ihrer fr\u00fcheren Fassung weiter. In diesem Fall behalten wir uns das Recht vor, den Nutzungsvertrag zu k\u00fcndigen.<\/li><\/ul><h3><strong>5. Auswertung und weitere Verwendung der Nutzerdaten<\/strong><\/h3><p>Bei der Nutzung der lipotego App werden keine pers\u00f6nlichen Daten der Nutzer gespeichert. Dies umfasst insbesondere den Verzicht auf die Speicherung des Aufenthaltsorts oder anderer pers\u00f6nlicher Informationen. Die App funktioniert auf der Basis, dass Daten lediglich zur Verarbeitung an unsere API gesendet und anschlie\u00dfend zur\u00fcck an den Nutzer \u00fcbermittelt werden.<\/p><p>Die einzigen Daten, die verarbeitet werden, sind diejenigen, die f\u00fcr die Generierung der LinkedIn-Posts ben\u00f6tigt werden. Diese Daten werden nach der \u00dcbermittlung des generierten Textes an den Nutzer nicht von uns gespeichert. Die Verantwortung f\u00fcr die weitere Verwendung und Speicherung der generierten Textinhalte liegt allein beim Nutzer.<\/p><p>Wir legen gro\u00dfen Wert auf Transparenz und Datenschutz. Dies wird den Nutzern bereits bei der ersten Verwendung der App deutlich gemacht. Weitere Informationen zum Datenschutz und zur Datenverarbeitung sind in unserer Datenschutzerkl\u00e4rung detailliert aufgef\u00fchrt. Jegliche \u00c4nderungen in unserer Datenschutzpraxis werden den Nutzern rechtzeitig und in angemessener Form kommuniziert.<\/p><h3><strong>6. Nutzungsrechte, geistige Eigentumsrechte<\/strong><\/h3><p>(1) Nutzungsberechtigung bei lipotego<\/p><p>Mit der Er\u00f6ffnung eines Kundenkontos, der Einwilligung in die vorliegenden Allgemeinen Gesch\u00e4ftsbedingungen (AGB) und dem Akzeptieren der App-Richtlinien erh\u00e4lt der Nutzer das nicht \u00fcbertragbare und nicht ausschlie\u00dfliche Recht zur Nutzung der Dienste von lipotego. Dieses Nutzungsrecht ist jederzeit k\u00fcndbar, entsprechend den Bestimmungen in den Ziffern 8 und 9 dieser AGB.<\/p><h3><strong>7. Verbotene Handlungen, Sperrung von Inhalten<\/strong><\/h3><p>(1) Einschr\u00e4nkung des Zugangs<\/p><p>Wir sind berechtigt, den Zugang zu bestimmten Inhalten innerhalb der lipotego App jederzeit ohne Begr\u00fcndung zu sperren, wenn diese Inhalte gegen die App-Richtlinien oder gegen geltende Gesetze versto\u00dfen.<\/p><p>(2) Verbotene Handlungen<\/p><ul><li>Software-Komponenten der App zu disassemblieren, zu dekompilieren, zu \u00e4ndern oder ge\u00e4nderte Versionen in Umlauf zu bringen.<\/li><li>Die Funktionalit\u00e4t der lipotego-Dienste zu st\u00f6ren, indem unautorisierte Eingriffe vorgenommen werden.<\/li><li>Inhalte aus der App automatisiert zu exportieren (sog. screen scraping).<\/li><li>Die Dienste f\u00fcr den Versand und die Verbreitung von Spam, illegalen Inhalten, Trojanern oder Viren zu nutzen.<\/li><li>Sonstige Handlungen zu begehen, die gegen die App-Richtlinien oder geltende Gesetze versto\u00dfen.<\/li><\/ul><h3><strong>8. K\u00fcndigung des Kontos durch lipotego<\/strong><\/h3><p>Wir sind berechtigt, den Nutzungsvertrag mit dem Kunden jederzeit zu k\u00fcndigen, wenn dieser gegen eine oder mehrere Pflichten aus diesen Nutzungsbedingungen verst\u00f6\u00dft. Eine K\u00fcndigung seitens lipotego wird insbesondere in folgenden F\u00e4llen ausgesprochen:<\/p><ul><li>Wenn der Nutzer bei der Er\u00f6ffnung des Kontos falsche Angaben macht oder unrichtige Angaben nicht unverz\u00fcglich berichtigt.<\/li><li>Wenn der Nutzer gegen die App-Richtlinien oder die Verhaltenspflichten, wie in den entsprechenden Abschnitten dieser Nutzungsbedingungen definiert, verst\u00f6\u00dft.<\/li><\/ul><h3><strong>9. Haftungsfreistellung<\/strong><\/h3><p>Der Nutzer verpflichtet sich, uns von allen Schadensersatzforderungen Dritter freizustellen, die aufgrund rechtswidriger Handlungen des Nutzers gegen uns geltend gemacht werden. Dies gilt insbesondere f\u00fcr Verletzungen von Urheberrechten, Markenrechten oder sonstigen geistigen Eigentumsrechten Dritter.<\/p><h3><strong>10. Gew\u00e4hrleistungsausschluss<\/strong><\/h3><ul><li>Wir sind auf Dienstleistungen Dritter angewiesen, auf die wir keinen Einfluss haben. Daher kann es zu St\u00f6rungen oder Ausf\u00e4llen kommen, die au\u00dferhalb unserer Verantwortung liegen, einschlie\u00dflich Wartungsarbeiten und Behebung technischer Probleme.<\/li><li>Wir \u00fcbernehmen keine Gew\u00e4hr und keine Garantie f\u00fcr die st\u00e4ndige Erreichbarkeit und Funktionsf\u00e4higkeit unserer Dienste. Wir haften nicht f\u00fcr Missbrauch des Nutzerkontos, der durch Weitergabe oder unzureichende Sicherung von Zugangsdaten durch den Nutzer entsteht.<\/li><li>Wir haften nicht f\u00fcr die Richtigkeit der in der lipotego App generierten Inhalte. Die Verantwortung f\u00fcr die Beurteilung und Umsetzung der generierten Inhalte liegt beim Nutzer. Der Nutzer verzichtet hiermit auf jegliche Anspr\u00fcche gegen uns bez\u00fcglich der Wirksamkeit oder Folgen dieser Inhalte.<\/li><li>Eine regelm\u00e4\u00dfige \u00dcberpr\u00fcfung der von Nutzern erstellten Inhalte findet nicht statt. Wir werden jedoch Inhalte, die gegen unsere App-Richtlinien oder geltendes Recht versto\u00dfen und uns gemeldet werden, umgehend pr\u00fcfen und gegebenenfalls l\u00f6schen. Wir kooperieren mit Ermittlungsbeh\u00f6rden im Rahmen der gesetzlichen Vorgaben, wenn wir zur Herausgabe von Nutzerinformationen oder Nutzerinhalten aufgefordert werden.<\/li><\/ul><h3><strong>11. Haftungsbeschr\u00e4nkungen<\/strong><\/h3><p>Wir haften nicht f\u00fcr Sch\u00e4den, die sich aus der Umsetzung oder Unterlassung von Aktivit\u00e4ten ergeben, die auf Basis der von lipotego generierten Inhalte empfohlen oder abgeraten werden. Jegliche Entscheidung und daraus resultierende Folgen liegen in der Verantwortung des Nutzers.<\/p><h3><strong>12. Sonstige Bestimmungen<\/strong><\/h3><ul><li>Anwendbares Recht: Es gilt deutsches Recht, soweit nicht das Recht des Landes, in dem der Nutzer seinen Wohnsitz hat, zwingend anwendbar ist.<\/li><li>Gerichtsstand: Erf\u00fcllungsort und Gerichtsstand ist Karlsruhe, Deutschland. Dies gilt nur, wenn der Nutzer Kaufmann ist oder keinen allgemeinen Gerichtsstand in Deutschland hat.<\/li><li>Schriftform: \u00c4nderungen des Nutzungsvertrages bed\u00fcrfen der Schriftform. Dies gilt auch f\u00fcr die Aufhebung dieser Schriftformklausel. M\u00fcndliche Nebenabreden sind nicht getroffen.<\/li><li>Online-Streitbeilegung: Die Europ\u00e4ische Kommission bietet eine Onlineplattform f\u00fcr Streitbeilegung an, die unter <a href=\"http:\/\/ec.europa.eu\/consumers\/odr\" target=\"_blank\" rel=\"noopener\">http:\/\/ec.europa.eu\/consumers\/odr<\/a> zu finden ist. Wir sind nicht verpflichtet und nicht bereit, an einem Streitbeilegungsverfahren teilzunehmen.<\/li><li>Salvatorische Klausel: Sollten eine oder mehrere Bedingungen dieser AGB ung\u00fcltig oder nichtig sein oder werden, bleibt die G\u00fcltigkeit der \u00fcbrigen Bedingungen unber\u00fchrt. In diesem Fall werden die Parteien eine gesetzeskonforme, erg\u00e4nzende Vereinbarung treffen, die die unwirksame oder nichtige Klausel ersetzt und deren wirtschaftlichem Zweck am n\u00e4chsten kommt.<\/li><\/ul><p><!-- notionvc: 1a466ac9-6c0a-469a-965a-a655f8d9bd26 --><\/p>\t\t\t\t\t\t\t\t<\/div>\n\t\t\t\t<\/div>\n\t\t\t\t\t<\/div>\n\t\t<\/div>\n\t\t\t\t\t<\/div>\n\t\t<\/section>\n\t\t\t\t<\/div>","protected":false},"excerpt":{"rendered":"<p>Terms of Service Allgemeine Gesch\u00e4ftsbedingungen der lipotego App Die folgenden Allgemeinen Gesch\u00e4ftsbedingungen (AGB) gelten f\u00fcr die Nutzung der App lipotego [&hellip;]<\/p>","protected":false},"author":1,"featured_media":0,"parent":0,"menu_order":0,"comment_status":"closed","ping_status":"open","template":"","meta":{"site-sidebar-layout":"no-sidebar","site-content-layout":"","ast-site-content-layout":"full-width-container","site-content-style":"default","site-sidebar-style":"default","ast-global-header-display":"","ast-banner-title-visibility":"","ast-main-header-display":"","ast-hfb-above-header-display":"","ast-hfb-below-header-display":"","ast-hfb-mobile-header-display":"","site-post-title":"disabled","ast-breadcrumbs-content":"","ast-featured-img":"disabled","footer-sml-layout":"","ast-disable-related-posts":"","theme-transparent-header-meta":"","adv-header-id-meta":"","stick-header-meta":"","header-above-stick-meta":"","header-main-stick-meta":"","header-below-stick-meta":"","astra-migrate-meta-layouts":"default","ast-page-background-enabled":"default","ast-page-background-meta":{"desktop":{"background-color":"var(--ast-global-color-4)","background-image":"","background-repeat":"repeat","background-position":"center center","background-size":"auto","background-attachment":"scroll","background-type":"","background-media":"","overlay-type":"","overlay-color":"","overlay-opacity":"","overlay-gradient":""},"tablet":{"background-color":"","background-image":"","background-repeat":"repeat","background-position":"center center","background-size":"auto","background-attachment":"scroll","background-type":"","background-media":"","overlay-type":"","overlay-color":"","overlay-opacity":"","overlay-gradient":""},"mobile":{"background-color":"","background-image":"","background-repeat":"repeat","background-position":"center center","background-size":"auto","background-attachment":"scroll","background-type":"","background-media":"","overlay-type":"","overlay-color":"","overlay-opacity":"","overlay-gradient":""}},"ast-content-background-meta":{"desktop":{"background-color":"var(--ast-global-color-5)","background-image":"","background-repeat":"repeat","background-position":"center center","background-size":"auto","background-attachment":"scroll","background-type":"","background-media":"","overlay-type":"","overlay-color":"","overlay-opacity":"","overlay-gradient":""},"tablet":{"background-color":"var(--ast-global-color-5)","background-image":"","background-repeat":"repeat","background-position":"center center","background-size":"auto","background-attachment":"scroll","background-type":"","background-media":"","overlay-type":"","overlay-color":"","overlay-opacity":"","overlay-gradient":""},"mobile":{"background-color":"var(--ast-global-color-5)","background-image":"","background-repeat":"repeat","background-position":"center center","background-size":"auto","background-attachment":"scroll","background-type":"","background-media":"","overlay-type":"","overlay-color":"","overlay-opacity":"","overlay-gradient":""}},"footnotes":""},"_links":{"self":[{"href":"https:\/\/lipotego.de\/en\/wp-json\/wp\/v2\/pages\/285"}],"collection":[{"href":"https:\/\/lipotego.de\/en\/wp-json\/wp\/v2\/pages"}],"about":[{"href":"https:\/\/lipotego.de\/en\/wp-json\/wp\/v2\/types\/page"}],"author":[{"embeddable":true,"href":"https:\/\/lipotego.de\/en\/wp-json\/wp\/v2\/users\/1"}],"replies":[{"embeddable":true,"href":"https:\/\/lipotego.de\/en\/wp-json\/wp\/v2\/comments?post=285"}],"version-history":[{"count":4,"href":"https:\/\/lipotego.de\/en\/wp-json\/wp\/v2\/pages\/285\/revisions"}],"predecessor-version":[{"id":289,"href":"https:\/\/lipotego.de\/en\/wp-json\/wp\/v2\/pages\/285\/revisions\/289"}],"wp:attachment":[{"href":"https:\/\/lipotego.de\/en\/wp-json\/wp\/v2\/media?parent=285"}],"curies":[{"name":"wp","href":"https:\/\/api.w.org\/{rel}","templated":true}]}}